{"id":6952,"date":"2025-08-12T18:08:01","date_gmt":"2025-08-12T23:08:01","guid":{"rendered":"https:\/\/opc.chia-cundinamarca.gov.co\/web\/?page_id=6952"},"modified":"2025-08-12T18:13:54","modified_gmt":"2025-08-12T23:13:54","slug":"asojuntas-chia","status":"publish","type":"page","link":"https:\/\/opc.chia-cundinamarca.gov.co\/web\/asojuntas-chia\/","title":{"rendered":"ASOJUNTAS CH\u00cdA"},"content":{"rendered":"\t\t<div data-elementor-type=\"wp-page\" data-elementor-id=\"6952\" class=\"elementor elementor-6952\" data-elementor-post-type=\"page\">\n\t\t\t\t<div class=\"elementor-element elementor-element-91b46e2 e-flex e-con-boxed e-con e-parent\" data-id=\"91b46e2\" data-element_type=\"container\" data-e-type=\"container\">\n\t\t\t\t\t<div class=\"e-con-inner\">\n\t\t\t\t<div class=\"elementor-element elementor-element-d741666 elementor-widget elementor-widget-heading\" data-id=\"d741666\" data-element_type=\"widget\" data-e-type=\"widget\" data-widget_type=\"heading.default\">\n\t\t\t\t<div class=\"elementor-widget-container\">\n\t\t\t\t\t<h2 class=\"elementor-heading-title elementor-size-default\">Asociaci\u00f3n de Juntas de Acci\u00f3n Comunal <\/h2>\t\t\t\t<\/div>\n\t\t\t\t<\/div>\n\t\t\t\t\t<\/div>\n\t\t\t\t<\/div>\n\t\t<div class=\"elementor-element elementor-element-1677fef e-flex e-con-boxed e-con e-parent\" data-id=\"1677fef\" data-element_type=\"container\" data-e-type=\"container\">\n\t\t\t\t\t<div class=\"e-con-inner\">\n\t\t\t\t<div class=\"elementor-element elementor-element-6f52296 elementor-widget elementor-widget-text-editor\" data-id=\"6f52296\" data-element_type=\"widget\" data-e-type=\"widget\" data-widget_type=\"text-editor.default\">\n\t\t\t\t<div class=\"elementor-widget-container\">\n\t\t\t\t\t\t\t\t\t<p>\u00a0<\/p><table border=\"1\"><tbody><tr><td style=\"text-align: center;\"><strong>ASOCIACI\u00d3N DE JUNTAS DE ACCI\u00d3N COMUNAL\u00a0<\/strong><\/td><td style=\"text-align: center;\"><strong>PERSONER\u00cdA JUR\u00cdDICA No. 0112 Resoluci\u00f3n No. 00457 <\/strong><\/td><td style=\"text-align: center;\"><div class=\"ewa-rteLine\"><strong>FECHA DE<\/strong><\/div><div class=\"ewa-rteLine\"><strong>INSCRIPCI\u00d3N<\/strong><\/div><p><strong>26\/04\/1976<\/strong><\/p><\/td><td style=\"text-align: center;\"><strong>PRESIDENTE: MIGUEL ANTONIO VARGAS ROJAS<\/strong><\/td><\/tr><\/tbody><\/table>\t\t\t\t\t\t\t\t<\/div>\n\t\t\t\t<\/div>\n\t\t\t\t\t<\/div>\n\t\t\t\t<\/div>\n\t\t\t\t<\/div>\n\t\t","protected":false},"excerpt":{"rendered":"<p>Asociaci\u00f3n de Juntas de Acci\u00f3n Comunal \u00a0 ASOCIACI\u00d3N DE JUNTAS DE ACCI\u00d3N COMUNAL\u00a0 PERSONER\u00cdA JUR\u00cdDICA No. 0112 Resoluci\u00f3n No. 00457 FECHA DEINSCRIPCI\u00d3N 26\/04\/1976 PRESIDENTE: MIGUEL ANTONIO VARGAS ROJAS<\/p>\n","protected":false},"author":1,"featured_media":0,"parent":0,"menu_order":0,"comment_status":"closed","ping_status":"closed","template":"","meta":{"footnotes":""},"class_list":["post-6952","page","type-page","status-publish","hentry"],"_links":{"self":[{"href":"https:\/\/opc.chia-cundinamarca.gov.co\/web\/wp-json\/wp\/v2\/pages\/6952","targetHints":{"allow":["GET"]}}],"collection":[{"href":"https:\/\/opc.chia-cundinamarca.gov.co\/web\/wp-json\/wp\/v2\/pages"}],"about":[{"href":"https:\/\/opc.chia-cundinamarca.gov.co\/web\/wp-json\/wp\/v2\/types\/page"}],"author":[{"embeddable":true,"href":"https:\/\/opc.chia-cundinamarca.gov.co\/web\/wp-json\/wp\/v2\/users\/1"}],"replies":[{"embeddable":true,"href":"https:\/\/opc.chia-cundinamarca.gov.co\/web\/wp-json\/wp\/v2\/comments?post=6952"}],"version-history":[{"count":7,"href":"https:\/\/opc.chia-cundinamarca.gov.co\/web\/wp-json\/wp\/v2\/pages\/6952\/revisions"}],"predecessor-version":[{"id":6961,"href":"https:\/\/opc.chia-cundinamarca.gov.co\/web\/wp-json\/wp\/v2\/pages\/6952\/revisions\/6961"}],"wp:attachment":[{"href":"https:\/\/opc.chia-cundinamarca.gov.co\/web\/wp-json\/wp\/v2\/media?parent=6952"}],"curies":[{"name":"wp","href":"https:\/\/api.w.org\/{rel}","templated":true}]}}