{"id":6925,"date":"2025-08-12T17:27:14","date_gmt":"2025-08-12T22:27:14","guid":{"rendered":"https:\/\/opc.chia-cundinamarca.gov.co\/web\/?page_id=6925"},"modified":"2025-08-12T18:04:14","modified_gmt":"2025-08-12T23:04:14","slug":"juntas-de-vivienda-comunitaria","status":"publish","type":"page","link":"https:\/\/opc.chia-cundinamarca.gov.co\/web\/juntas-de-vivienda-comunitaria\/","title":{"rendered":"Juntas de Vivienda Comunitaria"},"content":{"rendered":"\t\t<div data-elementor-type=\"wp-page\" data-elementor-id=\"6925\" class=\"elementor elementor-6925\" data-elementor-post-type=\"page\">\n\t\t\t\t<div class=\"elementor-element elementor-element-7e8f3bf e-flex e-con-boxed e-con e-parent\" data-id=\"7e8f3bf\" data-element_type=\"container\" data-e-type=\"container\">\n\t\t\t\t\t<div class=\"e-con-inner\">\n\t\t\t\t<div class=\"elementor-element elementor-element-21429a9 elementor-widget elementor-widget-heading\" data-id=\"21429a9\" data-element_type=\"widget\" data-e-type=\"widget\" data-widget_type=\"heading.default\">\n\t\t\t\t<div class=\"elementor-widget-container\">\n\t\t\t\t\t<h2 class=\"elementor-heading-title elementor-size-default\">Juntas de Vivienda Comunitaria<\/h2>\t\t\t\t<\/div>\n\t\t\t\t<\/div>\n\t\t\t\t\t<\/div>\n\t\t\t\t<\/div>\n\t\t<div class=\"elementor-element elementor-element-b545167 e-flex e-con-boxed e-con e-parent\" data-id=\"b545167\" data-element_type=\"container\" data-e-type=\"container\">\n\t\t\t\t\t<div class=\"e-con-inner\">\n\t\t<div class=\"elementor-element elementor-element-04f07d3 e-con-full e-flex e-con e-child\" data-id=\"04f07d3\" data-element_type=\"container\" data-e-type=\"container\">\n\t\t\t\t<div class=\"elementor-element elementor-element-cd1ec8a elementor-widget elementor-widget-text-editor\" data-id=\"cd1ec8a\" data-element_type=\"widget\" data-e-type=\"widget\" data-widget_type=\"text-editor.default\">\n\t\t\t\t<div class=\"elementor-widget-container\">\n\t\t\t\t\t\t\t\t\t<p>\u00a0<\/p><table border=\"1\"><tbody><tr><td style=\"text-align: center;\"><strong>JUNTA DE VIVIENDA COMUNITARIA VIVIR MEJOR<\/strong><\/td><td style=\"text-align: center;\"><strong>PERSONER\u00cdA JUR\u00cdDICA No. 50<\/strong><\/td><td style=\"text-align: center;\"><div class=\"ewa-rteLine\"><strong>FECHA DE<\/strong><\/div><div class=\"ewa-rteLine\"><strong>INSCRIPCI\u00d3N<\/strong><\/div><p><strong>30\/07\/2002<\/strong><\/p><\/td><td style=\"text-align: center;\"><strong>PRESIDENTE: JORGE HERN\u00c1N SALAZAR GORDILLO<\/strong><\/td><\/tr><\/tbody><\/table>\t\t\t\t\t\t\t\t<\/div>\n\t\t\t\t<\/div>\n\t\t\t\t<\/div>\n\t\t<div class=\"elementor-element elementor-element-f675168 e-con-full e-flex e-con e-child\" data-id=\"f675168\" data-element_type=\"container\" data-e-type=\"container\">\n\t\t\t\t<div class=\"elementor-element elementor-element-69d3395 elementor-widget elementor-widget-shortcode\" data-id=\"69d3395\" data-element_type=\"widget\" data-e-type=\"widget\" data-widget_type=\"shortcode.default\">\n\t\t\t\t<div class=\"elementor-widget-container\">\n\t\t\t\t\t\t\t<div class=\"elementor-shortcode\"><iframe src=\"https:\/\/www.google.com\/maps\/d\/u\/0\/embed?mid=1imgWm3KfJAsZ9Aw0Ob0YcdCJ-sFeNTk&ehbc=2E312F&noprof=1\" width=\"640\" height=\"250\"><\/iframe><\/div>\n\t\t\t\t\t\t<\/div>\n\t\t\t\t<\/div>\n\t\t\t\t<\/div>\n\t\t\t\t\t<\/div>\n\t\t\t\t<\/div>\n\t\t<div class=\"elementor-element elementor-element-04ead0b e-flex e-con-boxed e-con e-parent\" data-id=\"04ead0b\" data-element_type=\"container\" data-e-type=\"container\">\n\t\t\t\t\t<div class=\"e-con-inner\">\n\t\t<div class=\"elementor-element elementor-element-ba29065 e-con-full e-flex e-con e-child\" data-id=\"ba29065\" data-element_type=\"container\" data-e-type=\"container\">\n\t\t\t\t<div class=\"elementor-element elementor-element-140f255 elementor-widget elementor-widget-text-editor\" data-id=\"140f255\" data-element_type=\"widget\" data-e-type=\"widget\" data-widget_type=\"text-editor.default\">\n\t\t\t\t<div class=\"elementor-widget-container\">\n\t\t\t\t\t\t\t\t\t<p>\u00a0<\/p><table border=\"1\"><tbody><tr><td style=\"text-align: center;\"><strong>JUNTA DE VIVIENDA COMUNITARIA JARD\u00cdN DE LUNA<\/strong><\/td><td style=\"text-align: center;\"><strong>PERSONER\u00cdA JUR\u00cdDICA No. 115<\/strong><\/td><td style=\"text-align: center;\"><div class=\"ewa-rteLine\"><strong>FECHA DE<\/strong><\/div><div class=\"ewa-rteLine\"><strong>INSCRIPCI\u00d3N<\/strong><\/div><p><strong>27\/08\/2004<\/strong><\/p><\/td><td style=\"text-align: center;\"><strong>PRESIDENTE: MARTHA AURORA MU\u00d1OZ LE\u00d3N<\/strong><\/td><\/tr><\/tbody><\/table>\t\t\t\t\t\t\t\t<\/div>\n\t\t\t\t<\/div>\n\t\t\t\t<\/div>\n\t\t<div class=\"elementor-element elementor-element-82761a5 e-con-full e-flex e-con e-child\" data-id=\"82761a5\" data-element_type=\"container\" data-e-type=\"container\">\n\t\t\t\t<div class=\"elementor-element elementor-element-0c32ae0 elementor-widget elementor-widget-text-editor\" data-id=\"0c32ae0\" data-element_type=\"widget\" data-e-type=\"widget\" data-widget_type=\"text-editor.default\">\n\t\t\t\t<div class=\"elementor-widget-container\">\n\t\t\t\t\t\t\t\t\t<p>No tiene linderos definidos<\/p>\t\t\t\t\t\t\t\t<\/div>\n\t\t\t\t<\/div>\n\t\t\t\t<\/div>\n\t\t\t\t\t<\/div>\n\t\t\t\t<\/div>\n\t\t<div class=\"elementor-element elementor-element-a3e242e e-flex e-con-boxed e-con e-parent\" data-id=\"a3e242e\" data-element_type=\"container\" data-e-type=\"container\">\n\t\t\t\t\t<div class=\"e-con-inner\">\n\t\t<div class=\"elementor-element elementor-element-0e24f80 e-con-full e-flex e-con e-child\" data-id=\"0e24f80\" data-element_type=\"container\" data-e-type=\"container\">\n\t\t\t\t<div class=\"elementor-element elementor-element-885a3e4 elementor-widget elementor-widget-text-editor\" data-id=\"885a3e4\" data-element_type=\"widget\" data-e-type=\"widget\" data-widget_type=\"text-editor.default\">\n\t\t\t\t<div class=\"elementor-widget-container\">\n\t\t\t\t\t\t\t\t\t<p>\u00a0<\/p><table border=\"1\"><tbody><tr><td style=\"text-align: center;\"><strong>JUNTA DE VIVIENDA COMUNITARIA BARRIO EL MANANTIAL<\/strong><\/td><td style=\"text-align: center;\"><strong>PERSONER\u00cdA JUR\u00cdDICA No. 31<\/strong><\/td><td style=\"text-align: center;\"><div class=\"ewa-rteLine\"><strong>FECHA DE<\/strong><\/div><div class=\"ewa-rteLine\"><strong>INSCRIPCI\u00d3N<\/strong><\/div><p><strong>30\/05\/2005<\/strong><\/p><\/td><td style=\"text-align: center;\"><strong>PRESIDENTE: ADRIANA MILENA S\u00c1NCHEZ GALVIS<\/strong><\/td><\/tr><\/tbody><\/table>\t\t\t\t\t\t\t\t<\/div>\n\t\t\t\t<\/div>\n\t\t\t\t<\/div>\n\t\t<div class=\"elementor-element elementor-element-c2cedc8 e-con-full e-flex e-con e-child\" data-id=\"c2cedc8\" data-element_type=\"container\" data-e-type=\"container\">\n\t\t\t\t<div class=\"elementor-element elementor-element-8061399 elementor-widget elementor-widget-shortcode\" data-id=\"8061399\" data-element_type=\"widget\" data-e-type=\"widget\" data-widget_type=\"shortcode.default\">\n\t\t\t\t<div class=\"elementor-widget-container\">\n\t\t\t\t\t\t\t<div class=\"elementor-shortcode\"><iframe src=\"https:\/\/www.google.com\/maps\/d\/u\/0\/embed?mid=1QCIoKX5Kc38w1_KQJ45ywAhKOdmo5q4&ehbc=2E312F&noprof=1\" width=\"640\" height=\"250\"><\/iframe><\/div>\n\t\t\t\t\t\t<\/div>\n\t\t\t\t<\/div>\n\t\t\t\t<\/div>\n\t\t\t\t\t<\/div>\n\t\t\t\t<\/div>\n\t\t<div class=\"elementor-element elementor-element-dd05d66 e-flex e-con-boxed e-con e-parent\" data-id=\"dd05d66\" data-element_type=\"container\" data-e-type=\"container\">\n\t\t\t\t\t<div class=\"e-con-inner\">\n\t\t<div class=\"elementor-element elementor-element-56ebc5b e-con-full e-flex e-con e-child\" data-id=\"56ebc5b\" data-element_type=\"container\" data-e-type=\"container\">\n\t\t\t\t<div class=\"elementor-element elementor-element-eab660c elementor-widget elementor-widget-text-editor\" data-id=\"eab660c\" data-element_type=\"widget\" data-e-type=\"widget\" data-widget_type=\"text-editor.default\">\n\t\t\t\t<div class=\"elementor-widget-container\">\n\t\t\t\t\t\t\t\t\t<p>\u00a0<\/p><table border=\"1\"><tbody><tr><td style=\"text-align: center;\"><strong>JUNTA DE VIVIENDA COMUNITARIA LA CABA\u00d1A<\/strong><\/td><td style=\"text-align: center;\"><strong>PERSONER\u00cdA JUR\u00cdDICA No. 5034<\/strong><\/td><td style=\"text-align: center;\"><div class=\"ewa-rteLine\"><strong>FECHA DE<\/strong><\/div><div class=\"ewa-rteLine\"><strong>INSCRIPCI\u00d3N<\/strong><\/div><p><strong>01\/11\/2023<\/strong><\/p><\/td><td style=\"text-align: center;\"><strong>PRESIDENTE: ANA ROSA MARGARITA RUJELES ESTRELLA<\/strong><\/td><\/tr><\/tbody><\/table>\t\t\t\t\t\t\t\t<\/div>\n\t\t\t\t<\/div>\n\t\t\t\t<\/div>\n\t\t<div class=\"elementor-element elementor-element-79647b8 e-con-full e-flex e-con e-child\" data-id=\"79647b8\" data-element_type=\"container\" data-e-type=\"container\">\n\t\t\t\t<div class=\"elementor-element elementor-element-8b40843 elementor-widget elementor-widget-shortcode\" data-id=\"8b40843\" data-element_type=\"widget\" data-e-type=\"widget\" data-widget_type=\"shortcode.default\">\n\t\t\t\t<div class=\"elementor-widget-container\">\n\t\t\t\t\t\t\t<div class=\"elementor-shortcode\"><iframe src=\"https:\/\/www.google.com\/maps\/d\/u\/0\/embed?mid=1x22NQky7mF2URxGXtDBIRSZqPquJl3w&ehbc=2E312F&noprof=1\" width=\"640\" height=\"250\"><\/iframe><\/div>\n\t\t\t\t\t\t<\/div>\n\t\t\t\t<\/div>\n\t\t\t\t<\/div>\n\t\t\t\t\t<\/div>\n\t\t\t\t<\/div>\n\t\t\t\t<\/div>\n\t\t","protected":false},"excerpt":{"rendered":"<p>Juntas de Vivienda Comunitaria \u00a0 JUNTA DE VIVIENDA COMUNITARIA VIVIR MEJOR PERSONER\u00cdA JUR\u00cdDICA No. 50 FECHA DEINSCRIPCI\u00d3N 30\/07\/2002 PRESIDENTE: JORGE HERN\u00c1N SALAZAR GORDILLO \u00a0 JUNTA DE VIVIENDA COMUNITARIA JARD\u00cdN DE LUNA PERSONER\u00cdA JUR\u00cdDICA No. 115 FECHA DEINSCRIPCI\u00d3N 27\/08\/2004 PRESIDENTE: MARTHA AURORA MU\u00d1OZ LE\u00d3N No tiene linderos definidos \u00a0 JUNTA DE VIVIENDA COMUNITARIA BARRIO EL MANANTIAL [&hellip;]<\/p>\n","protected":false},"author":1,"featured_media":0,"parent":0,"menu_order":0,"comment_status":"closed","ping_status":"closed","template":"","meta":{"footnotes":""},"class_list":["post-6925","page","type-page","status-publish","hentry"],"_links":{"self":[{"href":"https:\/\/opc.chia-cundinamarca.gov.co\/web\/wp-json\/wp\/v2\/pages\/6925","targetHints":{"allow":["GET"]}}],"collection":[{"href":"https:\/\/opc.chia-cundinamarca.gov.co\/web\/wp-json\/wp\/v2\/pages"}],"about":[{"href":"https:\/\/opc.chia-cundinamarca.gov.co\/web\/wp-json\/wp\/v2\/types\/page"}],"author":[{"embeddable":true,"href":"https:\/\/opc.chia-cundinamarca.gov.co\/web\/wp-json\/wp\/v2\/users\/1"}],"replies":[{"embeddable":true,"href":"https:\/\/opc.chia-cundinamarca.gov.co\/web\/wp-json\/wp\/v2\/comments?post=6925"}],"version-history":[{"count":19,"href":"https:\/\/opc.chia-cundinamarca.gov.co\/web\/wp-json\/wp\/v2\/pages\/6925\/revisions"}],"predecessor-version":[{"id":6948,"href":"https:\/\/opc.chia-cundinamarca.gov.co\/web\/wp-json\/wp\/v2\/pages\/6925\/revisions\/6948"}],"wp:attachment":[{"href":"https:\/\/opc.chia-cundinamarca.gov.co\/web\/wp-json\/wp\/v2\/media?parent=6925"}],"curies":[{"name":"wp","href":"https:\/\/api.w.org\/{rel}","templated":true}]}}