{"id":6244,"date":"2025-07-07T11:48:19","date_gmt":"2025-07-07T16:48:19","guid":{"rendered":"https:\/\/opc.chia-cundinamarca.gov.co\/web\/?page_id=6244"},"modified":"2025-07-07T11:56:31","modified_gmt":"2025-07-07T16:56:31","slug":"nosotros","status":"publish","type":"page","link":"https:\/\/opc.chia-cundinamarca.gov.co\/web\/nosotros\/","title":{"rendered":"Nosotros"},"content":{"rendered":"\t\t<div data-elementor-type=\"wp-page\" data-elementor-id=\"6244\" class=\"elementor elementor-6244\" data-elementor-post-type=\"page\">\n\t\t\t\t<div class=\"elementor-element elementor-element-96bf9d5 e-flex e-con-boxed e-con e-parent\" data-id=\"96bf9d5\" data-element_type=\"container\" data-e-type=\"container\">\n\t\t\t\t\t<div class=\"e-con-inner\">\n\t\t\t\t<div class=\"elementor-element elementor-element-800aa49 elementor-widget elementor-widget-heading\" data-id=\"800aa49\" data-element_type=\"widget\" data-e-type=\"widget\" data-widget_type=\"heading.default\">\n\t\t\t\t<div class=\"elementor-widget-container\">\n\t\t\t\t\t<h2 class=\"elementor-heading-title elementor-size-default\">\u00bfQui\u00e9nes Somos?<\/h2>\t\t\t\t<\/div>\n\t\t\t\t<\/div>\n\t\t\t\t<div class=\"elementor-element elementor-element-080a5c6 elementor-widget elementor-widget-text-editor\" data-id=\"080a5c6\" data-element_type=\"widget\" data-e-type=\"widget\" data-widget_type=\"text-editor.default\">\n\t\t\t\t<div class=\"elementor-widget-container\">\n\t\t\t\t\t\t\t\t\t<p>En concordancia con el art\u00edculo 85 del Decreto 40 de 2019, desde la Secretar\u00eda de Participaci\u00f3n Ciudadana y Acci\u00f3n Comunitaria, orientamos la planeaci\u00f3n, direcci\u00f3n, coordinaci\u00f3n evaluaci\u00f3n y control de los sistemas de participaci\u00f3n ciudadana y acci\u00f3n comunitarios; as\u00ed como, trabajamos por ejercer y fortalecer el proceso de inspecci\u00f3n, control y vigilancia sobre las organizaciones comunales de primer y segundo grado del municipio de Ch\u00eda, en concordancia con la normativa vigente.<\/p><p><span style=\"color: #000000;\"><a style=\"color: #000000;\" href=\"https:\/\/www.chia-cundinamarca.gov.co\/2019\/Decretos\/DECRETO%2049%20DE%202019.pdf\" target=\"_blank\" rel=\"noopener\">https:\/\/www.chia-cundinamarca.gov.co\/2019\/Decretos\/DECRETO%2049%20DE%202019.pdf<\/a><\/span><\/p>\t\t\t\t\t\t\t\t<\/div>\n\t\t\t\t<\/div>\n\t\t\t\t<div class=\"elementor-element elementor-element-7e0ac0a elementor-widget elementor-widget-heading\" data-id=\"7e0ac0a\" data-element_type=\"widget\" data-e-type=\"widget\" data-widget_type=\"heading.default\">\n\t\t\t\t<div class=\"elementor-widget-container\">\n\t\t\t\t\t<h2 class=\"elementor-heading-title elementor-size-default\">Misi\u00f3n <\/h2>\t\t\t\t<\/div>\n\t\t\t\t<\/div>\n\t\t\t\t<div class=\"elementor-element elementor-element-d32b43d elementor-widget elementor-widget-text-editor\" data-id=\"d32b43d\" data-element_type=\"widget\" data-e-type=\"widget\" data-widget_type=\"text-editor.default\">\n\t\t\t\t<div class=\"elementor-widget-container\">\n\t\t\t\t\t\t\t\t\t<p>Garantizar a sus habitantes una oportuna y efectiva prestaci\u00f3n de los servicios con calidad en materia de salud, educaci\u00f3n, seguridad, construcci\u00f3n de obras de infraestructura, ordenamiento territorial, medio ambiente, crecimiento socio \u2013 cultural, deportivo y erradicaci\u00f3n de la pobreza, promoviendo la participaci\u00f3n comunitaria en aras de mejorar la calidad de vida de nuestros ciudadanos y de quienes visitan nuestro territorio.<\/p>\t\t\t\t\t\t\t\t<\/div>\n\t\t\t\t<\/div>\n\t\t\t\t<div class=\"elementor-element elementor-element-02f3301 elementor-widget elementor-widget-heading\" data-id=\"02f3301\" data-element_type=\"widget\" data-e-type=\"widget\" data-widget_type=\"heading.default\">\n\t\t\t\t<div class=\"elementor-widget-container\">\n\t\t\t\t\t<h2 class=\"elementor-heading-title elementor-size-default\">Visi\u00f3n<\/h2>\t\t\t\t<\/div>\n\t\t\t\t<\/div>\n\t\t\t\t<div class=\"elementor-element elementor-element-c9d0a95 elementor-widget elementor-widget-text-editor\" data-id=\"c9d0a95\" data-element_type=\"widget\" data-e-type=\"widget\" data-widget_type=\"text-editor.default\">\n\t\t\t\t<div class=\"elementor-widget-container\">\n\t\t\t\t\t\t\t\t\t<p>En el a\u00f1o 2027 Ch\u00eda ser\u00e1 ciudad l\u00edder en desarrollo sostenible caracterizada por una cultura emprendedora, empoderada del medio ambiente, participativa, solidaria y orgullosa de su patrimonio e historia.<\/p>\t\t\t\t\t\t\t\t<\/div>\n\t\t\t\t<\/div>\n\t\t\t\t<div class=\"elementor-element elementor-element-25cb91d elementor-widget elementor-widget-heading\" data-id=\"25cb91d\" data-element_type=\"widget\" data-e-type=\"widget\" data-widget_type=\"heading.default\">\n\t\t\t\t<div class=\"elementor-widget-container\">\n\t\t\t\t\t<h2 class=\"elementor-heading-title elementor-size-default\">Funciones de la Secretar\u00eda<\/h2>\t\t\t\t<\/div>\n\t\t\t\t<\/div>\n\t\t\t\t<div class=\"elementor-element elementor-element-126efcd elementor-widget elementor-widget-text-editor\" data-id=\"126efcd\" data-element_type=\"widget\" data-e-type=\"widget\" data-widget_type=\"text-editor.default\">\n\t\t\t\t<div class=\"elementor-widget-container\">\n\t\t\t\t\t\t\t\t\t<p>De acuerdo a lo establecido en el Decreto 40 del 16 de mayo de 2019, y en cumplimiento a su art\u00edculo 86, son funciones de la Secretar\u00eda de Participaci\u00f3n Ciudadana y Acci\u00f3n Comunitaria:<\/p><ol><li>Formular las pol\u00edticas locales de participaci\u00f3n en armon\u00eda con la pol\u00edtica nacional y con el concurso de las distintas instancias institucionales y no institucionales de deliberaci\u00f3n existentes y con las entidades que conforman el Estado a nivel municipal.<\/li><li>Ejecutar, controlar, coordinar y evaluar los planes, programas y proyectos para la promoci\u00f3n de la participaci\u00f3n ciudadana, el inter\u00e9s asociativo, la formaci\u00f3n ciudadana y la organizaci\u00f3n comunitaria en el municipio.<\/li><li>Liderar, orientar y coordinar acciones encaminadas a garantizar la participaci\u00f3n de los habitantes en los escenarios promovidos por la administraci\u00f3n municipal.<\/li><li>Coordinar el ejercicio de la movilizaci\u00f3n y organizaci\u00f3n ciudadana a trav\u00e9s de instrumentos y estrategias que concreten en las realidades locales, las pol\u00edticas nacionales en materia de participaci\u00f3n ciudadana.<\/li><li>Promover ejercicios de control social y desarrollar la rendici\u00f3n de cuentas como proceso responsables y permanentes, en lenguajes comprensibles y de acuerdo con los intereses de los ciudadanos para la evaluaci\u00f3n de la gesti\u00f3n p\u00fablica.<\/li><li>Promover la investigaci\u00f3n social y la gesti\u00f3n del conocimiento en el campo de la formaci\u00f3n y la participaci\u00f3n ciudadana, para cualificar el impacto en los procesos participativos.<\/li><li>Dirigir el fortalecimiento de las organizaciones y redes de la sociedad civil, mediante estrategias de promoci\u00f3n y consolidaci\u00f3n.<\/li><li>Impulsar el trabajo en red para articular las capacidades colectivas que generen mayor impacto, potencien su representatividad y faciliten la transparencia de los recursos organizacionales.<\/li><li>Consolidar escenarios de participaci\u00f3n para la construcci\u00f3n de alianzas p\u00fablico-privadas que impacten el desarrollo del territorio.<\/li><li>Promover la participaci\u00f3n ciudadana para la priorizaci\u00f3n y formulaci\u00f3n de iniciativas locales que contribuyan al desarrollo del municipio.<\/li><li>Fortalecer la apropiaci\u00f3n de los mecanismos, instancias y escenarios de participaci\u00f3n ciudadana en el Municipio, para la consulta, deliberaci\u00f3n y decisi\u00f3n en asuntos p\u00fablicos.<\/li><li>Liderar, orientar y coordinar en el municipio los procesos de participaci\u00f3n de los grupos poblacionales desde la perspectiva etaria, \u00e9tnica, generacional y de equidad de g\u00e9nero.<\/li><li>Fomentar procesos asociativos en las organizaciones sociales comunitarias.<\/li><li>Participar en coordinaci\u00f3n con las dependencias correspondientes en el desarrollo de las actividades en materia de asuntos pol\u00edticos y sobre participaci\u00f3n democr\u00e1tica que requiera la administraci\u00f3n municipal.<\/li><li>Desarrollar y estimular los ejercicios de presupuesto participativo a trav\u00e9s de toma de decisiones de car\u00e1cter deliberativo sobre la destinaci\u00f3n de recursos de inversi\u00f3n p\u00fablica municipal.<\/li><li>Formular, orientar y coordinar pol\u00edticas para el desarrollo de las organizaciones de acci\u00f3n comunal de primer y segundo grado, como expresi\u00f3n social organizada, aut\u00f3noma y solidaria de la sociedad civil.<\/li><li>Ejercer y fortalecer el proceso de inspecci\u00f3n, control y vigilancia sobre las organizaciones comunales de primer y segundo grado, en concordancia con la normativa vigente, en particular con la Ley 743 de 2002, Decreto 2350 de 2003, Decreto 890 de 2008 y el Decreto Compilatorio 1066 de 2015, o la norma que los modifique o sustituya.<\/li><li>Asesor sin perjuicio de su autonom\u00eda e independencia las organizaciones comunales en los asuntos relacionados con la aplicaci\u00f3n e interpretaci\u00f3n de las normas que rigen la materia.<\/li><li>Definir los criterios jur\u00eddicos para la aplicaci\u00f3n de las normas comunales en el municipio.<\/li><li>Participar en la elaboraci\u00f3n, formulaci\u00f3n, ejecuci\u00f3n y seguimiento del Plan Municipal de Desarrollo y Plan de Ordenamiento Territorial.<\/li><li>Participar en la elaboraci\u00f3n, formulaci\u00f3n y ejecuci\u00f3n del Plan Indicativo de Acci\u00f3n y dem\u00e1s instrumentos de planificaci\u00f3n del sector.<\/li><li>Formular los planes, programas y proyectos que permitan el cumplimiento de los objetivos de corto, mediano y largo plazo establecidos en el Plan de Desarrollo Municipal, Plan de Ordenamiento Territorial y los instrumentos que lo complementan.<\/li><li>Generar y reportar la informaci\u00f3n estad\u00edstica y geogr\u00e1fica requerida para el Sistema Estad\u00edstico y Geogr\u00e1fico Municipal en coordinaci\u00f3n con la Direcci\u00f3n de Sistemas de Informaci\u00f3n para la Planificaci\u00f3n.<\/li><li>Conocer, dar tr\u00e1mite y decidir el recurso de apelaci\u00f3n, de las decisiones que profieran los inspectores Municipales de Polic\u00eda, respecto de los procesos policivos establecidos en la Ley 1801 de 2016 y dem\u00e1s normas que la complementen, modifiquen, adicionen o sustituyan.<\/li><\/ol>\t\t\t\t\t\t\t\t<\/div>\n\t\t\t\t<\/div>\n\t\t\t\t\t<\/div>\n\t\t\t\t<\/div>\n\t\t\t\t<\/div>\n\t\t","protected":false},"excerpt":{"rendered":"<p>\u00bfQui\u00e9nes Somos? En concordancia con el art\u00edculo 85 del Decreto 40 de 2019, desde la Secretar\u00eda de Participaci\u00f3n Ciudadana y Acci\u00f3n Comunitaria, orientamos la planeaci\u00f3n, direcci\u00f3n, coordinaci\u00f3n evaluaci\u00f3n y control de los sistemas de participaci\u00f3n ciudadana y acci\u00f3n comunitarios; as\u00ed como, trabajamos por ejercer y fortalecer el proceso de inspecci\u00f3n, control y vigilancia sobre las [&hellip;]<\/p>\n","protected":false},"author":1,"featured_media":0,"parent":0,"menu_order":0,"comment_status":"closed","ping_status":"closed","template":"","meta":{"footnotes":""},"class_list":["post-6244","page","type-page","status-publish","hentry"],"_links":{"self":[{"href":"https:\/\/opc.chia-cundinamarca.gov.co\/web\/wp-json\/wp\/v2\/pages\/6244","targetHints":{"allow":["GET"]}}],"collection":[{"href":"https:\/\/opc.chia-cundinamarca.gov.co\/web\/wp-json\/wp\/v2\/pages"}],"about":[{"href":"https:\/\/opc.chia-cundinamarca.gov.co\/web\/wp-json\/wp\/v2\/types\/page"}],"author":[{"embeddable":true,"href":"https:\/\/opc.chia-cundinamarca.gov.co\/web\/wp-json\/wp\/v2\/users\/1"}],"replies":[{"embeddable":true,"href":"https:\/\/opc.chia-cundinamarca.gov.co\/web\/wp-json\/wp\/v2\/comments?post=6244"}],"version-history":[{"count":22,"href":"https:\/\/opc.chia-cundinamarca.gov.co\/web\/wp-json\/wp\/v2\/pages\/6244\/revisions"}],"predecessor-version":[{"id":6268,"href":"https:\/\/opc.chia-cundinamarca.gov.co\/web\/wp-json\/wp\/v2\/pages\/6244\/revisions\/6268"}],"wp:attachment":[{"href":"https:\/\/opc.chia-cundinamarca.gov.co\/web\/wp-json\/wp\/v2\/media?parent=6244"}],"curies":[{"name":"wp","href":"https:\/\/api.w.org\/{rel}","templated":true}]}}