{"id":60,"date":"2024-05-27T16:04:06","date_gmt":"2024-05-27T21:04:06","guid":{"rendered":"https:\/\/opc.chia-cundinamarca.gov.co\/web\/?page_id=60"},"modified":"2025-07-03T12:21:36","modified_gmt":"2025-07-03T17:21:36","slug":"inicio","status":"publish","type":"page","link":"https:\/\/opc.chia-cundinamarca.gov.co\/web\/","title":{"rendered":"Inicio"},"content":{"rendered":"\t\t<div data-elementor-type=\"wp-page\" data-elementor-id=\"60\" class=\"elementor elementor-60\" data-elementor-post-type=\"page\">\n\t\t\t\t<div class=\"elementor-element elementor-element-abf0b96 e-flex e-con-boxed e-con e-parent\" data-id=\"abf0b96\" data-element_type=\"container\" data-e-type=\"container\">\n\t\t\t\t\t<div class=\"e-con-inner\">\n\t\t\t\t<div class=\"elementor-element elementor-element-e55de7e elementor--h-position-center elementor--v-position-middle elementor-arrows-position-inside elementor-pagination-position-inside elementor-widget elementor-widget-slides\" data-id=\"e55de7e\" data-element_type=\"widget\" data-e-type=\"widget\" data-settings=\"{&quot;navigation&quot;:&quot;both&quot;,&quot;autoplay&quot;:&quot;yes&quot;,&quot;pause_on_hover&quot;:&quot;yes&quot;,&quot;pause_on_interaction&quot;:&quot;yes&quot;,&quot;autoplay_speed&quot;:5000,&quot;infinite&quot;:&quot;yes&quot;,&quot;transition&quot;:&quot;slide&quot;,&quot;transition_speed&quot;:500}\" data-widget_type=\"slides.default\">\n\t\t\t\t<div class=\"elementor-widget-container\">\n\t\t\t\t\t\t\t\t\t<div class=\"elementor-swiper\">\n\t\t\t\t\t<div class=\"elementor-slides-wrapper elementor-main-swiper swiper\" role=\"region\" aria-roledescription=\"carousel\" aria-label=\"Diapositivas\" dir=\"ltr\" data-animation=\"fadeInUp\">\n\t\t\t\t<div class=\"swiper-wrapper elementor-slides\">\n\t\t\t\t\t\t\t\t\t\t<div class=\"elementor-repeater-item-28daf6b swiper-slide\" role=\"group\" aria-roledescription=\"slide\"><div class=\"swiper-slide-bg\" role=\"img\" aria-label=\"Banner-bienvendia-sec-participaci\u00f3n\"><\/div><div class=\"swiper-slide-inner\" ><div class=\"swiper-slide-contents\"><\/div><\/div><\/div>\t\t\t\t<\/div>\n\t\t\t\t\t\t\t<\/div>\n\t\t\t\t<\/div>\n\t\t\t\t\t\t\t\t<\/div>\n\t\t\t\t<\/div>\n\t\t\t\t\t<\/div>\n\t\t\t\t<\/div>\n\t\t<div class=\"elementor-element elementor-element-489a5d2 e-flex e-con-boxed e-con e-parent\" data-id=\"489a5d2\" data-element_type=\"container\" data-e-type=\"container\">\n\t\t\t\t\t<div class=\"e-con-inner\">\n\t\t\t\t<div class=\"elementor-element elementor-element-8d0817e elementor-widget elementor-widget-heading\" data-id=\"8d0817e\" data-element_type=\"widget\" data-e-type=\"widget\" data-widget_type=\"heading.default\">\n\t\t\t\t<div class=\"elementor-widget-container\">\n\t\t\t\t\t<h2 class=\"elementor-heading-title elementor-size-default\">NOTICIAS<\/h2>\t\t\t\t<\/div>\n\t\t\t\t<\/div>\n\t\t\t\t\t<\/div>\n\t\t\t\t<\/div>\n\t\t<div class=\"elementor-element elementor-element-247d9a26 e-flex e-con-boxed e-con e-parent\" data-id=\"247d9a26\" data-element_type=\"container\" data-e-type=\"container\">\n\t\t\t\t\t<div class=\"e-con-inner\">\n\t\t\t\t<div class=\"elementor-element elementor-element-6f874040 elementor-grid-3 elementor-grid-tablet-2 elementor-grid-mobile-1 elementor-posts--thumbnail-top load-more-align-center elementor-widget elementor-widget-posts\" data-id=\"6f874040\" data-element_type=\"widget\" data-e-type=\"widget\" data-settings=\"{&quot;pagination_type&quot;:&quot;load_more_on_click&quot;,&quot;classic_columns&quot;:&quot;3&quot;,&quot;classic_columns_tablet&quot;:&quot;2&quot;,&quot;classic_columns_mobile&quot;:&quot;1&quot;,&quot;classic_row_gap&quot;:{&quot;unit&quot;:&quot;px&quot;,&quot;size&quot;:35,&quot;sizes&quot;:[]},&quot;classic_row_gap_tablet&quot;:{&quot;unit&quot;:&quot;px&quot;,&quot;size&quot;:&quot;&quot;,&quot;sizes&quot;:[]},&quot;classic_row_gap_mobile&quot;:{&quot;unit&quot;:&quot;px&quot;,&quot;size&quot;:&quot;&quot;,&quot;sizes&quot;:[]},&quot;load_more_spinner&quot;:{&quot;value&quot;:&quot;fas fa-spinner&quot;,&quot;library&quot;:&quot;fa-solid&quot;}}\" data-widget_type=\"posts.classic\">\n\t\t\t\t<div class=\"elementor-widget-container\">\n\t\t\t\t\t\t\t<div class=\"elementor-posts-container elementor-posts elementor-posts--skin-classic elementor-grid\" role=\"list\">\n\t\t\t\t<article class=\"elementor-post elementor-grid-item post-6663 post type-post status-publish format-standard has-post-thumbnail hentry category-noticias-2025\" role=\"listitem\">\n\t\t\t\t<a class=\"elementor-post__thumbnail__link\" href=\"https:\/\/opc.chia-cundinamarca.gov.co\/web\/2025\/07\/28\/alcalde-de-chia-continua-trabajando-por-la-comunidad\/\" tabindex=\"-1\" >\n\t\t\t<div class=\"elementor-post__thumbnail\"><img fetchpriority=\"high\" decoding=\"async\" width=\"768\" height=\"426\" src=\"https:\/\/opc.chia-cundinamarca.gov.co\/web\/wp-content\/uploads\/2025\/08\/alcalde-a-tu-conjunto-768x426-1.png\" class=\"attachment-medium_large size-medium_large wp-image-6665\" alt=\"\" srcset=\"https:\/\/opc.chia-cundinamarca.gov.co\/web\/wp-content\/uploads\/2025\/08\/alcalde-a-tu-conjunto-768x426-1.png 768w, https:\/\/opc.chia-cundinamarca.gov.co\/web\/wp-content\/uploads\/2025\/08\/alcalde-a-tu-conjunto-768x426-1-300x166.png 300w\" sizes=\"(max-width: 768px) 100vw, 768px\" \/><\/div>\n\t\t<\/a>\n\t\t\t\t<div class=\"elementor-post__text\">\n\t\t\t\t<h3 class=\"elementor-post__title\">\n\t\t\t<a href=\"https:\/\/opc.chia-cundinamarca.gov.co\/web\/2025\/07\/28\/alcalde-de-chia-continua-trabajando-por-la-comunidad\/\" >\n\t\t\t\tAlcalde de Ch\u00eda contin\u00faa trabajando por la comunidad\t\t\t<\/a>\n\t\t<\/h3>\n\t\t\t\t<div class=\"elementor-post__meta-data\">\n\t\t\t\t\t<span class=\"elementor-post-date\">\n\t\t\t28 julio, 2025\t\t<\/span>\n\t\t\t\t<span class=\"elementor-post-avatar\">\n\t\t\tNo hay comentarios\t\t<\/span>\n\t\t\t\t<\/div>\n\t\t\t\t<div class=\"elementor-post__excerpt\">\n\t\t\t<p>Alcalde de Ch\u00eda contin\u00faa trabajando por la comunidad El alcalde de Ch\u00eda, Leonardo Donoso Ruiz, inici\u00f3 su agenda este 26<\/p>\n\t\t<\/div>\n\t\t\n\t\t<a class=\"elementor-post__read-more\" href=\"https:\/\/opc.chia-cundinamarca.gov.co\/web\/2025\/07\/28\/alcalde-de-chia-continua-trabajando-por-la-comunidad\/\" aria-label=\"M\u00e1s informaci\u00f3n sobre Alcalde de Ch\u00eda contin\u00faa trabajando por la comunidad\" tabindex=\"-1\" >\n\t\t\tRead More \u00bb\t\t<\/a>\n\n\t\t\t\t<\/div>\n\t\t\t\t<\/article>\n\t\t\t\t<article class=\"elementor-post elementor-grid-item post-6656 post type-post status-publish format-standard has-post-thumbnail hentry category-noticias-2025\" role=\"listitem\">\n\t\t\t\t<a class=\"elementor-post__thumbnail__link\" href=\"https:\/\/opc.chia-cundinamarca.gov.co\/web\/2025\/07\/27\/chia-y-mininterior-fortalecen-la-participacion-ciudadana-en-chia\/\" tabindex=\"-1\" >\n\t\t\t<div class=\"elementor-post__thumbnail\"><img decoding=\"async\" width=\"768\" height=\"504\" src=\"https:\/\/opc.chia-cundinamarca.gov.co\/web\/wp-content\/uploads\/2025\/08\/MININTERIO-768x504-1.png\" class=\"attachment-medium_large size-medium_large wp-image-6659\" alt=\"\" srcset=\"https:\/\/opc.chia-cundinamarca.gov.co\/web\/wp-content\/uploads\/2025\/08\/MININTERIO-768x504-1.png 768w, https:\/\/opc.chia-cundinamarca.gov.co\/web\/wp-content\/uploads\/2025\/08\/MININTERIO-768x504-1-300x197.png 300w\" sizes=\"(max-width: 768px) 100vw, 768px\" \/><\/div>\n\t\t<\/a>\n\t\t\t\t<div class=\"elementor-post__text\">\n\t\t\t\t<h3 class=\"elementor-post__title\">\n\t\t\t<a href=\"https:\/\/opc.chia-cundinamarca.gov.co\/web\/2025\/07\/27\/chia-y-mininterior-fortalecen-la-participacion-ciudadana-en-chia\/\" >\n\t\t\t\tCh\u00eda y MinInterior fortalecen la participaci\u00f3n ciudadana en Ch\u00eda\t\t\t<\/a>\n\t\t<\/h3>\n\t\t\t\t<div class=\"elementor-post__meta-data\">\n\t\t\t\t\t<span class=\"elementor-post-date\">\n\t\t\t27 julio, 2025\t\t<\/span>\n\t\t\t\t<span class=\"elementor-post-avatar\">\n\t\t\tNo hay comentarios\t\t<\/span>\n\t\t\t\t<\/div>\n\t\t\t\t<div class=\"elementor-post__excerpt\">\n\t\t\t<p>Ch\u00eda y MinInterior fortalecen la participaci\u00f3n ciudadana en Ch\u00eda La Secretar\u00eda de Participaci\u00f3n Ciudadana y Acci\u00f3n Comunitaria de Ch\u00eda, bajo<\/p>\n\t\t<\/div>\n\t\t\n\t\t<a class=\"elementor-post__read-more\" href=\"https:\/\/opc.chia-cundinamarca.gov.co\/web\/2025\/07\/27\/chia-y-mininterior-fortalecen-la-participacion-ciudadana-en-chia\/\" aria-label=\"M\u00e1s informaci\u00f3n sobre Ch\u00eda y MinInterior fortalecen la participaci\u00f3n ciudadana en Ch\u00eda\" tabindex=\"-1\" >\n\t\t\tRead More \u00bb\t\t<\/a>\n\n\t\t\t\t<\/div>\n\t\t\t\t<\/article>\n\t\t\t\t<article class=\"elementor-post elementor-grid-item post-6650 post type-post status-publish format-standard has-post-thumbnail hentry category-noticias-2025\" role=\"listitem\">\n\t\t\t\t<a class=\"elementor-post__thumbnail__link\" href=\"https:\/\/opc.chia-cundinamarca.gov.co\/web\/2025\/07\/20\/tradicion-y-comunidad-en-el-barrio-20-de-julio\/\" tabindex=\"-1\" >\n\t\t\t<div class=\"elementor-post__thumbnail\"><img decoding=\"async\" width=\"768\" height=\"512\" src=\"https:\/\/opc.chia-cundinamarca.gov.co\/web\/wp-content\/uploads\/2025\/08\/20-de-julio-bazar-768x512-1.jpeg\" class=\"attachment-medium_large size-medium_large wp-image-6652\" alt=\"\" srcset=\"https:\/\/opc.chia-cundinamarca.gov.co\/web\/wp-content\/uploads\/2025\/08\/20-de-julio-bazar-768x512-1.jpeg 768w, https:\/\/opc.chia-cundinamarca.gov.co\/web\/wp-content\/uploads\/2025\/08\/20-de-julio-bazar-768x512-1-300x200.jpeg 300w\" sizes=\"(max-width: 768px) 100vw, 768px\" \/><\/div>\n\t\t<\/a>\n\t\t\t\t<div class=\"elementor-post__text\">\n\t\t\t\t<h3 class=\"elementor-post__title\">\n\t\t\t<a href=\"https:\/\/opc.chia-cundinamarca.gov.co\/web\/2025\/07\/20\/tradicion-y-comunidad-en-el-barrio-20-de-julio\/\" >\n\t\t\t\tTradici\u00f3n y comunidad en el barrio 20 de Julio\t\t\t<\/a>\n\t\t<\/h3>\n\t\t\t\t<div class=\"elementor-post__meta-data\">\n\t\t\t\t\t<span class=\"elementor-post-date\">\n\t\t\t20 julio, 2025\t\t<\/span>\n\t\t\t\t<span class=\"elementor-post-avatar\">\n\t\t\tNo hay comentarios\t\t<\/span>\n\t\t\t\t<\/div>\n\t\t\t\t<div class=\"elementor-post__excerpt\">\n\t\t\t<p>Tradici\u00f3n y comunidad en el barrio 20 de Julio El alcalde presidi\u00f3 el acto protocolario en el tradicional bazar que<\/p>\n\t\t<\/div>\n\t\t\n\t\t<a class=\"elementor-post__read-more\" href=\"https:\/\/opc.chia-cundinamarca.gov.co\/web\/2025\/07\/20\/tradicion-y-comunidad-en-el-barrio-20-de-julio\/\" aria-label=\"M\u00e1s informaci\u00f3n sobre Tradici\u00f3n y comunidad en el barrio 20 de Julio\" tabindex=\"-1\" >\n\t\t\tRead More \u00bb\t\t<\/a>\n\n\t\t\t\t<\/div>\n\t\t\t\t<\/article>\n\t\t\t\t<\/div>\n\t\t\t\t\t<span class=\"e-load-more-spinner\">\n\t\t\t\t<svg aria-hidden=\"true\" class=\"e-font-icon-svg e-fas-spinner\" viewBox=\"0 0 512 512\" xmlns=\"http:\/\/www.w3.org\/2000\/svg\"><path d=\"M304 48c0 26.51-21.49 48-48 48s-48-21.49-48-48 21.49-48 48-48 48 21.49 48 48zm-48 368c-26.51 0-48 21.49-48 48s21.49 48 48 48 48-21.49 48-48-21.49-48-48-48zm208-208c-26.51 0-48 21.49-48 48s21.49 48 48 48 48-21.49 48-48-21.49-48-48-48zM96 256c0-26.51-21.49-48-48-48S0 229.49 0 256s21.49 48 48 48 48-21.49 48-48zm12.922 99.078c-26.51 0-48 21.49-48 48s21.49 48 48 48 48-21.49 48-48c0-26.509-21.491-48-48-48zm294.156 0c-26.51 0-48 21.49-48 48s21.49 48 48 48 48-21.49 48-48c0-26.509-21.49-48-48-48zM108.922 60.922c-26.51 0-48 21.49-48 48s21.49 48 48 48 48-21.49 48-48-21.491-48-48-48z\"><\/path><\/svg>\t\t\t<\/span>\n\t\t\n\t\t\t\t<div class=\"e-load-more-anchor\" data-page=\"1\" data-max-page=\"18\" data-next-page=\"https:\/\/opc.chia-cundinamarca.gov.co\/web\/wp-json\/wp\/v2\/pages\/60\/page\/2\/\"><\/div>\n\t\t\t\t<div class=\"elementor-button-wrapper\">\n\t\t\t<a class=\"elementor-button elementor-size-sm\" role=\"button\">\n\t\t\t\t\t\t<span class=\"elementor-button-content-wrapper\">\n\t\t\t\t\t\t\t\t\t<span class=\"elementor-button-text\">Ver m\u00e1s<\/span>\n\t\t\t\t\t<\/span>\n\t\t\t\t\t<\/a>\n\t\t<\/div>\n\t\t\t\t<div class=\"e-load-more-message\"><\/div>\n\t\t\t\t\t\t<\/div>\n\t\t\t\t<\/div>\n\t\t\t\t\t<\/div>\n\t\t\t\t<\/div>\n\t\t<div class=\"elementor-element elementor-element-10add44 e-flex e-con-boxed e-con e-parent\" data-id=\"10add44\" data-element_type=\"container\" data-e-type=\"container\">\n\t\t\t\t\t<div class=\"e-con-inner\">\n\t\t\t\t<div class=\"elementor-element elementor-element-a8231ad elementor-widget elementor-widget-heading\" data-id=\"a8231ad\" data-element_type=\"widget\" data-e-type=\"widget\" data-widget_type=\"heading.default\">\n\t\t\t\t<div class=\"elementor-widget-container\">\n\t\t\t\t\t<h2 class=\"elementor-heading-title elementor-size-default\">Noticias<\/h2>\t\t\t\t<\/div>\n\t\t\t\t<\/div>\n\t\t\t\t\t<\/div>\n\t\t\t\t<\/div>\n\t\t<div class=\"elementor-element elementor-element-31b2386 e-flex e-con-boxed e-con e-parent\" data-id=\"31b2386\" data-element_type=\"container\" data-e-type=\"container\">\n\t\t\t\t\t<div class=\"e-con-inner\">\n\t\t<div class=\"elementor-element elementor-element-e391778 e-con-full e-flex e-con e-child\" data-id=\"e391778\" data-element_type=\"container\" data-e-type=\"container\">\n\t\t\t\t<div class=\"elementor-element elementor-element-8707df3 elementor-widget elementor-widget-heading\" data-id=\"8707df3\" data-element_type=\"widget\" data-e-type=\"widget\" data-widget_type=\"heading.default\">\n\t\t\t\t<div class=\"elementor-widget-container\">\n\t\t\t\t\t<h2 class=\"elementor-heading-title elementor-size-default\">FACEBOOK<\/h2>\t\t\t\t<\/div>\n\t\t\t\t<\/div>\n\t\t\t\t<div class=\"elementor-element elementor-element-1ffd0a6 elementor-widget elementor-widget-facebook-page\" data-id=\"1ffd0a6\" data-element_type=\"widget\" data-e-type=\"widget\" data-widget_type=\"facebook-page.default\">\n\t\t\t\t<div class=\"elementor-widget-container\">\n\t\t\t\t\t<div class=\"elementor-facebook-widget fb-page\" data-href=\"https:\/\/www.facebook.com\/profile.php?id=61551065831317\" data-tabs=\"timeline\" data-height=\"500px\" data-width=\"500px\" data-small-header=\"false\" data-hide-cover=\"false\" data-show-facepile=\"true\" data-hide-cta=\"false\" style=\"min-height: 1px;height:500px\"><\/div>\t\t\t\t<\/div>\n\t\t\t\t<\/div>\n\t\t\t\t<\/div>\n\t\t<div class=\"elementor-element elementor-element-6eaac97 e-con-full e-flex e-con e-child\" data-id=\"6eaac97\" data-element_type=\"container\" data-e-type=\"container\">\n\t\t\t\t<\/div>\n\t\t\t\t\t<\/div>\n\t\t\t\t<\/div>\n\t\t\t\t<\/div>\n\t\t","protected":false},"excerpt":{"rendered":"<p>NOTICIAS Noticias FACEBOOK<\/p>\n","protected":false},"author":1,"featured_media":0,"parent":0,"menu_order":0,"comment_status":"closed","ping_status":"closed","template":"","meta":{"footnotes":""},"class_list":["post-60","page","type-page","status-publish","hentry"],"_links":{"self":[{"href":"https:\/\/opc.chia-cundinamarca.gov.co\/web\/wp-json\/wp\/v2\/pages\/60","targetHints":{"allow":["GET"]}}],"collection":[{"href":"https:\/\/opc.chia-cundinamarca.gov.co\/web\/wp-json\/wp\/v2\/pages"}],"about":[{"href":"https:\/\/opc.chia-cundinamarca.gov.co\/web\/wp-json\/wp\/v2\/types\/page"}],"author":[{"embeddable":true,"href":"https:\/\/opc.chia-cundinamarca.gov.co\/web\/wp-json\/wp\/v2\/users\/1"}],"replies":[{"embeddable":true,"href":"https:\/\/opc.chia-cundinamarca.gov.co\/web\/wp-json\/wp\/v2\/comments?post=60"}],"version-history":[{"count":64,"href":"https:\/\/opc.chia-cundinamarca.gov.co\/web\/wp-json\/wp\/v2\/pages\/60\/revisions"}],"predecessor-version":[{"id":6128,"href":"https:\/\/opc.chia-cundinamarca.gov.co\/web\/wp-json\/wp\/v2\/pages\/60\/revisions\/6128"}],"wp:attachment":[{"href":"https:\/\/opc.chia-cundinamarca.gov.co\/web\/wp-json\/wp\/v2\/media?parent=60"}],"curies":[{"name":"wp","href":"https:\/\/api.w.org\/{rel}","templated":true}]}}